{"id":65,"date":"2015-01-26T13:05:53","date_gmt":"2015-01-26T12:05:53","guid":{"rendered":"http:\/\/psychotherapeut-karlsfeld.de\/?page_id=65"},"modified":"2022-11-15T10:32:04","modified_gmt":"2022-11-15T09:32:04","slug":"die-praxis","status":"publish","type":"page","link":"http:\/\/psychotherapeut-karlsfeld.de\/?page_id=65","title":{"rendered":"Praxis"},"content":{"rendered":"<p><img loading=\"lazy\" decoding=\"async\" class=\"alignleft wp-image-125 size-large\" src=\"http:\/\/psychotherapeut-karlsfeld.de\/wp-content\/uploads\/2015\/01\/DSCN2585-1024x768.jpg\" alt=\"Therapieraum\" width=\"1024\" height=\"768\" srcset=\"http:\/\/psychotherapeut-karlsfeld.de\/wp-content\/uploads\/2015\/01\/DSCN2585-1024x768.jpg 1024w, http:\/\/psychotherapeut-karlsfeld.de\/wp-content\/uploads\/2015\/01\/DSCN2585-300x225.jpg 300w\" sizes=\"auto, (max-width: 1024px) 100vw, 1024px\" \/><\/p>\n<p>&nbsp;<\/p>\n<p>Meine Praxis befindet sich in Karlsfeld in ruhiger Lage. Sie ist somit auch f\u00fcr Patienten aus M\u00fcnchen, Dachau und den umliegenden Gemeinden gut erreichbar. Parkpl\u00e4tze sind ausreichend vorhanden.<\/p>\n<p>In den gleichen R\u00e4umlichkeiten befinden sich zudem die Praxen von drei weiteren Psychotherapeutinnen.<\/p>\n<p>&nbsp;<\/p>\n","protected":false},"excerpt":{"rendered":"<p>&nbsp; Meine Praxis befindet sich in Karlsfeld in ruhiger Lage. Sie ist somit auch f\u00fcr Patienten aus M\u00fcnchen, Dachau und den umliegenden Gemeinden gut erreichbar. Parkpl\u00e4tze sind ausreichend vorhanden. In den gleichen R\u00e4umlichkeiten befinden sich zudem die Praxen von drei weiteren Psychotherapeutinnen. &nbsp;<\/p>\n","protected":false},"author":1,"featured_media":0,"parent":0,"menu_order":0,"comment_status":"closed","ping_status":"closed","template":"","meta":{"footnotes":""},"class_list":["post-65","page","type-page","status-publish","hentry"],"_links":{"self":[{"href":"http:\/\/psychotherapeut-karlsfeld.de\/index.php?rest_route=\/wp\/v2\/pages\/65","targetHints":{"allow":["GET"]}}],"collection":[{"href":"http:\/\/psychotherapeut-karlsfeld.de\/index.php?rest_route=\/wp\/v2\/pages"}],"about":[{"href":"http:\/\/psychotherapeut-karlsfeld.de\/index.php?rest_route=\/wp\/v2\/types\/page"}],"author":[{"embeddable":true,"href":"http:\/\/psychotherapeut-karlsfeld.de\/index.php?rest_route=\/wp\/v2\/users\/1"}],"replies":[{"embeddable":true,"href":"http:\/\/psychotherapeut-karlsfeld.de\/index.php?rest_route=%2Fwp%2Fv2%2Fcomments&post=65"}],"version-history":[{"count":11,"href":"http:\/\/psychotherapeut-karlsfeld.de\/index.php?rest_route=\/wp\/v2\/pages\/65\/revisions"}],"predecessor-version":[{"id":321,"href":"http:\/\/psychotherapeut-karlsfeld.de\/index.php?rest_route=\/wp\/v2\/pages\/65\/revisions\/321"}],"wp:attachment":[{"href":"http:\/\/psychotherapeut-karlsfeld.de\/index.php?rest_route=%2Fwp%2Fv2%2Fmedia&parent=65"}],"curies":[{"name":"wp","href":"https:\/\/api.w.org\/{rel}","templated":true}]}}