{"id":58,"date":"2015-01-26T13:01:32","date_gmt":"2015-01-26T12:01:32","guid":{"rendered":"http:\/\/psychotherapeut-karlsfeld.de\/?page_id=58"},"modified":"2024-06-18T11:18:27","modified_gmt":"2024-06-18T10:18:27","slug":"ueber-mich-2","status":"publish","type":"page","link":"http:\/\/psychotherapeut-karlsfeld.de\/?page_id=58","title":{"rendered":"\u00dcber mich"},"content":{"rendered":"<p style=\"text-align: justify;\"><a href=\"http:\/\/psychotherapeut-karlsfeld.de\/wp-content\/uploads\/2024\/06\/Facetune_15-06-2024-16-47-19-scaled.jpg\"><img loading=\"lazy\" decoding=\"async\" class=\"wp-image-367  alignleft\" src=\"http:\/\/psychotherapeut-karlsfeld.de\/wp-content\/uploads\/2024\/06\/Facetune_15-06-2024-16-47-19-228x300.jpg\" alt=\"\" width=\"212\" height=\"279\" srcset=\"http:\/\/psychotherapeut-karlsfeld.de\/wp-content\/uploads\/2024\/06\/Facetune_15-06-2024-16-47-19-228x300.jpg 228w, http:\/\/psychotherapeut-karlsfeld.de\/wp-content\/uploads\/2024\/06\/Facetune_15-06-2024-16-47-19-779x1024.jpg 779w, http:\/\/psychotherapeut-karlsfeld.de\/wp-content\/uploads\/2024\/06\/Facetune_15-06-2024-16-47-19-768x1009.jpg 768w, http:\/\/psychotherapeut-karlsfeld.de\/wp-content\/uploads\/2024\/06\/Facetune_15-06-2024-16-47-19-1169x1536.jpg 1169w, http:\/\/psychotherapeut-karlsfeld.de\/wp-content\/uploads\/2024\/06\/Facetune_15-06-2024-16-47-19-1559x2048.jpg 1559w, http:\/\/psychotherapeut-karlsfeld.de\/wp-content\/uploads\/2024\/06\/Facetune_15-06-2024-16-47-19-scaled.jpg 1949w\" sizes=\"auto, (max-width: 212px) 100vw, 212px\" \/><\/a><\/p>\n<p><a href=\"http:\/\/psychotherapeut-karlsfeld.de\/wp-content\/uploads\/2015\/01\/Logo-v3-e1422280014262.jpg\"><img loading=\"lazy\" decoding=\"async\" class=\"alignleft  wp-image-82\" src=\"http:\/\/psychotherapeut-karlsfeld.de\/wp-content\/uploads\/2015\/01\/Logo-v3-300x297.jpg\" alt=\"\" width=\"74\" height=\"73\" \/><\/a><\/p>\n<p style=\"text-align: justify;\">Nach meinem Studium der Psychologie an der LMU in M\u00fcnchen arbeitete ich von 2007 bis 2012 insgesamt f\u00fcnf Jahre als Therapeutin in einer Reha-Klinik in Brandenburg. Schwerpunkte lagen in der Behandlung von Alkoholabh\u00e4ngigen sowie in der Therapie psychosomatischer Krankheitsbilder. W\u00e4hrend dieser Zeit machte ich die Ausbildung zur psychologischen Psychotherapeutin, die ich 2011 mit der Approbation in Verhaltenstherapie abschloss. Kurz darauf f\u00fchrte mich mein Weg zur\u00fcck nach M\u00fcnchen. Ich arbeitete ein Jahr f\u00fcr die Integrierte Versorgung, wo ich chronisch psychisch kranke Menschen begleitete. Seit Ende 2013 arbeite ich in ambulanter Praxis, zun\u00e4chst in der Psychotherapiepraxis Dr. Eberl, seit Februar 2015 in eigener Praxis. Seit einer Weiterbildung in emotionsfokussierter Therapie von 2019 bis 2022 hat meine therapeutische Arbeit viele neue Impulse bekommen, was eine Bereicherung f\u00fcr meine Patienten, aber auch f\u00fcr mich pers\u00f6nlich bedeutet.<\/p>\n<p>______________________<\/p>\n<p><strong>Beruflicher Werdegang:<\/strong><\/p>\n<p>seit Feb 2015\u00a0\u00a0\u00a0\u00a0\u00a0\u00a0\u00a0\u00a0\u00a0\u00a0\u00a0\u00a0 Psychotherapeutin in eigener Praxis<\/p>\n<p>2013 &#8211; 2015 \u00a0\u00a0\u00a0\u00a0\u00a0\u00a0\u00a0\u00a0\u00a0\u00a0\u00a0\u00a0\u00a0 Psychotherapeutin in der <a title=\"Psychotherapiepraxis Dr. Eberl\" href=\"http:\/\/www.psychotherapeut-dachau.de\" target=\"_blank\" rel=\"noopener\">Psychotherapiepraxis Dr. Eberl<\/a><\/p>\n<p>2013 &#8211; 2016\u00a0 \u00a0 \u00a0 \u00a0 \u00a0 \u00a0 \u00a0 \u00a0Dozentin an der <a title=\"KSFH\" href=\"http:\/\/www.ksfh.de\/studiengaenge\/masterstudiengaenge\/weiterbildungsmaster-suchthilfe\" target=\"_blank\" rel=\"noopener\">Katholischen Stiftungsfachhochschule M\u00fcnchen<\/a> im Weiterbildungs-Master \u201eSuchthilfe\/Suchttherapie\u201c<\/p>\n<p>2012 \u2013 2013\u00a0\u00a0\u00a0\u00a0\u00a0\u00a0\u00a0\u00a0\u00a0\u00a0\u00a0\u00a0\u00a0\u00a0 Psychologin bei <a title=\"Awolysis\" href=\"http:\/\/www.awolysis.de\/netzwerk-psychische-gesundheit-segel-seelische-gesundheit-leben\/ihr-vincentro-vor-ort\/vincentro-muenchen\/\" target=\"_blank\" rel=\"noopener\">Awolysis<\/a> im Rahmen der Integrierten Versorgung<\/p>\n<p>2007 \u2013 2012\u00a0\u00a0\u00a0\u00a0\u00a0\u00a0\u00a0\u00a0\u00a0\u00a0\u00a0\u00a0\u00a0\u00a0 Bezugstherapeutin in der <a title=\"salus Klinik Lindow\" href=\"http:\/\/www.salus-kliniken.de\/lindow\/\" target=\"_blank\" rel=\"noopener\">salus Klinik Lindow<\/a><\/p>\n<p><strong>Ausbildung<\/strong><\/p>\n<p>2019 &#8211; 2022\u00a0 \u00a0 \u00a0 \u00a0 \u00a0 \u00a0 \u00a0 \u00a0 Weiterbildung in <a href=\"https:\/\/www.degeft.de\/emotionsfokussierte-therapie\/\">Emotionsfokussierter Psychotherapie<\/a> (EFT) am <a href=\"https:\/\/www.ieft.de\/\">IEFT M\u00fcnchen<\/a>. Zusatzqualifikation: EFT Therapeutin<\/p>\n<p>2011\u00a0\u00a0\u00a0\u00a0\u00a0\u00a0\u00a0\u00a0\u00a0\u00a0\u00a0\u00a0\u00a0\u00a0\u00a0\u00a0\u00a0\u00a0\u00a0\u00a0\u00a0\u00a0\u00a0\u00a0 \u00a0\u00a0 Approbation zur Psychologischen Psychotherapeutin und Eintragung ins Arztregister<\/p>\n<p>2007 \u2013 2011\u00a0\u00a0\u00a0\u00a0\u00a0\u00a0\u00a0\u00a0\u00a0\u00a0\u00a0\u00a0\u00a0\u00a0 Psychotherapieausbildung am salus Institut f\u00fcr Verhaltenstherapie (SIV) in Lindow<\/p>\n<p>2001 \u2013 2006\u00a0\u00a0\u00a0\u00a0\u00a0\u00a0\u00a0\u00a0\u00a0\u00a0\u00a0\u00a0\u00a0\u00a0 Studium der Psychologie an der Ludwig-Maximilians-Universit\u00e4t M\u00fcnchen<\/p>\n<p>1998 \u2013 2000\u00a0\u00a0\u00a0\u00a0\u00a0\u00a0\u00a0\u00a0\u00a0\u00a0\u00a0\u00a0\u00a0\u00a0 Ausbildung zur Industriekauffrau bei der Siemens AG M\u00fcnchen<\/p>\n","protected":false},"excerpt":{"rendered":"<p>Nach meinem Studium der Psychologie an der LMU in M\u00fcnchen arbeitete ich von 2007 bis 2012 insgesamt f\u00fcnf Jahre als Therapeutin in einer Reha-Klinik in Brandenburg. Schwerpunkte lagen in der Behandlung von Alkoholabh\u00e4ngigen sowie in der Therapie psychosomatischer Krankheitsbilder. W\u00e4hrend dieser Zeit machte ich die Ausbildung zur psychologischen Psychotherapeutin, die ich 2011 mit der Approbation [&hellip;]<\/p>\n","protected":false},"author":1,"featured_media":0,"parent":0,"menu_order":0,"comment_status":"closed","ping_status":"closed","template":"","meta":{"footnotes":""},"class_list":["post-58","page","type-page","status-publish","hentry"],"_links":{"self":[{"href":"http:\/\/psychotherapeut-karlsfeld.de\/index.php?rest_route=\/wp\/v2\/pages\/58","targetHints":{"allow":["GET"]}}],"collection":[{"href":"http:\/\/psychotherapeut-karlsfeld.de\/index.php?rest_route=\/wp\/v2\/pages"}],"about":[{"href":"http:\/\/psychotherapeut-karlsfeld.de\/index.php?rest_route=\/wp\/v2\/types\/page"}],"author":[{"embeddable":true,"href":"http:\/\/psychotherapeut-karlsfeld.de\/index.php?rest_route=\/wp\/v2\/users\/1"}],"replies":[{"embeddable":true,"href":"http:\/\/psychotherapeut-karlsfeld.de\/index.php?rest_route=%2Fwp%2Fv2%2Fcomments&post=58"}],"version-history":[{"count":30,"href":"http:\/\/psychotherapeut-karlsfeld.de\/index.php?rest_route=\/wp\/v2\/pages\/58\/revisions"}],"predecessor-version":[{"id":375,"href":"http:\/\/psychotherapeut-karlsfeld.de\/index.php?rest_route=\/wp\/v2\/pages\/58\/revisions\/375"}],"wp:attachment":[{"href":"http:\/\/psychotherapeut-karlsfeld.de\/index.php?rest_route=%2Fwp%2Fv2%2Fmedia&parent=58"}],"curies":[{"name":"wp","href":"https:\/\/api.w.org\/{rel}","templated":true}]}}