{"id":41,"date":"2015-01-26T11:13:36","date_gmt":"2015-01-26T10:13:36","guid":{"rendered":"http:\/\/psychotherapeut-karlsfeld.de\/?page_id=41"},"modified":"2023-05-17T09:58:17","modified_gmt":"2023-05-17T08:58:17","slug":"impressum","status":"publish","type":"page","link":"http:\/\/psychotherapeut-karlsfeld.de\/?page_id=41","title":{"rendered":"Impressum"},"content":{"rendered":"<p><span style=\"text-decoration: underline;\"><strong>Angaben gem\u00e4\u00dfg \u00a75 TMG<\/strong><\/span><\/p>\n<p><strong>Dipl.-Psych. Susanne Ledderhos<\/strong><br \/>\nLiebigstr. 12b<br \/>\n85757 Karlsfeld<\/p>\n<p><span class=\"purple\">Tel: 08131 99 80 612<\/span><br \/>\n<span class=\"purple\">Fax: 08131 99 77 469<\/span><\/p>\n<p><strong>Betriebsst\u00e4ttennummer:<\/strong><br \/>\n646919000<\/p>\n<p><strong>Lebenslange Arztnummer:<\/strong><br \/>\n264322968<\/p>\n<p><strong>Gesetzliche Berufsbezeichnung:<br \/>\n<\/strong><span style=\"line-height: 1.5;\">Psychologische Psychotherapeutin (verliehen in der Bundesrepublik Deutschland)<\/span><\/p>\n<p><strong>Zugeh\u00f6rige Aufsichtsbeh\u00f6rden:<\/strong><br \/>\nPsychotherapeutenkammer Bayern,<br \/>\nBirketweg 30<br \/>\n80639 M\u00fcnchen<br \/>\nTel: 089-515555-0<br \/>\n<a href=\"http:\/\/www.ptk-bayern.de\" target=\"_blank\" rel=\"noopener\">www.ptk-bayern.de<\/a><\/p>\n<p>Kassen\u00e4rztliche Vereinigung Bayerns<br \/>\nElsenheimerstra\u00dfe 39<br \/>\n80687 M\u00fcnchen<br \/>\nTel: 089 570 93 0<br \/>\n<a href=\"https:\/\/www.kvb.de\/\" target=\"_blank\" rel=\"noopener\">www.kvb.de<\/a><\/p>\n<p><strong>Berufsrechtliche Regelungen:<\/strong><br \/>\nDas Psychotherapeutengesetz &#8211; abrufbar unter <a title=\"PsychThG\" href=\"http:\/\/www.gesetze-im-internet.de\/psychthg\/\" target=\"_blank\" rel=\"noopener\">http:\/\/www.gesetze-im-internet.de\/psychthg\/<\/a><br \/>\nDas Heilberufsgesetz des Landes Bayern &#8211; abrufbar unter <a title=\"HKaG\" href=\"http:\/\/www.gesetze-bayern.de\/Content\/Document\/BayHKaG\" target=\"_blank\" rel=\"noopener\">B\u00fcrgerservice BAYERN-RECHT der\u00a0Bayerischen Staatskanzlei<\/a><br \/>\ndie Berufsordnung der Psychotherapeutenkammer Bayern <a title=\"Berufsordnung f\u00fcr die Psychologischen Psychotherapeutinnen und Psychotherapeuten und f\u00fcr die Kinder- und Jugendlichenpsychotherapeutinnen und Psychotherapeuten Bayerns\" href=\"http:\/\/www.ptk-bayern.de\/ptk\/web.nsf\/id\/li_satzungen.html\" target=\"_blank\" rel=\"noopener\">http:\/\/www.ptk-bayern.de\/ptk\/web.nsf\/id\/li_satzungen.html<\/a><\/p>\n<p><strong>Angaben zur Berufshaftpflichtversicherung:<\/strong><br \/>\nName und Sitz der Gesellschaft: HDI Versicherung AG. HDI-Platz 1. 30659 Hannover.<\/p>\n<p><strong>Verantwortlich f\u00fcr den Inhalt nach \u00a7 55 Abs. 2 RStV:<\/strong><br \/>\nDipl.-Psych. Susanne Ledderhos<br \/>\nLiebigstr. 12b<br \/>\n85757 Karlsfeld<\/p>\n<p><strong>Design &amp; Umsetzung:<\/strong> Dipl.-Psych. Susanne Ledderhos<\/p>\n","protected":false},"excerpt":{"rendered":"<p>Angaben gem\u00e4\u00dfg \u00a75 TMG Dipl.-Psych. Susanne Ledderhos Liebigstr. 12b 85757 Karlsfeld Tel: 08131 99 80 612 Fax: 08131 99 77 469 Betriebsst\u00e4ttennummer: 646919000 Lebenslange Arztnummer: 264322968 Gesetzliche Berufsbezeichnung: Psychologische Psychotherapeutin (verliehen in der Bundesrepublik Deutschland) Zugeh\u00f6rige Aufsichtsbeh\u00f6rden: Psychotherapeutenkammer Bayern, Birketweg 30 80639 M\u00fcnchen Tel: 089-515555-0 www.ptk-bayern.de Kassen\u00e4rztliche Vereinigung Bayerns Elsenheimerstra\u00dfe 39 80687 M\u00fcnchen Tel: 089 [&hellip;]<\/p>\n","protected":false},"author":1,"featured_media":0,"parent":0,"menu_order":0,"comment_status":"closed","ping_status":"closed","template":"","meta":{"footnotes":""},"class_list":["post-41","page","type-page","status-publish","hentry"],"_links":{"self":[{"href":"http:\/\/psychotherapeut-karlsfeld.de\/index.php?rest_route=\/wp\/v2\/pages\/41","targetHints":{"allow":["GET"]}}],"collection":[{"href":"http:\/\/psychotherapeut-karlsfeld.de\/index.php?rest_route=\/wp\/v2\/pages"}],"about":[{"href":"http:\/\/psychotherapeut-karlsfeld.de\/index.php?rest_route=\/wp\/v2\/types\/page"}],"author":[{"embeddable":true,"href":"http:\/\/psychotherapeut-karlsfeld.de\/index.php?rest_route=\/wp\/v2\/users\/1"}],"replies":[{"embeddable":true,"href":"http:\/\/psychotherapeut-karlsfeld.de\/index.php?rest_route=%2Fwp%2Fv2%2Fcomments&post=41"}],"version-history":[{"count":12,"href":"http:\/\/psychotherapeut-karlsfeld.de\/index.php?rest_route=\/wp\/v2\/pages\/41\/revisions"}],"predecessor-version":[{"id":330,"href":"http:\/\/psychotherapeut-karlsfeld.de\/index.php?rest_route=\/wp\/v2\/pages\/41\/revisions\/330"}],"wp:attachment":[{"href":"http:\/\/psychotherapeut-karlsfeld.de\/index.php?rest_route=%2Fwp%2Fv2%2Fmedia&parent=41"}],"curies":[{"name":"wp","href":"https:\/\/api.w.org\/{rel}","templated":true}]}}