{"id":240,"date":"2018-05-02T15:38:54","date_gmt":"2018-05-02T14:38:54","guid":{"rendered":"http:\/\/psychotherapeut-karlsfeld.de\/?page_id=240"},"modified":"2018-07-12T10:16:04","modified_gmt":"2018-07-12T09:16:04","slug":"datenschutzerklaerung","status":"publish","type":"page","link":"http:\/\/psychotherapeut-karlsfeld.de\/?page_id=240","title":{"rendered":"Datenschutzerkl\u00e4rung"},"content":{"rendered":"<p><strong>Datenschutzhinweis zur Verwendung dieser Hompepage<\/strong><\/p>\n<p>1. Erhebung personenbezogener Daten auf dieser Homepage<\/p>\n<p>Die Nutzung dieser Webseite ist in der Regel ohne Angabe personenbezogener Daten m\u00f6glich. Soweit auf dieser Seite personenbezogene Daten (\u00fcber das Kontaktformular: Name, Anschrift, Telefonnummer, E-Mail-Adressen oder andere pers\u00f6nliche Angaben) erhoben und genutzt werden, erfolgt dies freiwillig und in \u00dcbereinstimmung mit dem geltenden Datenschutzrecht. Daten werden nur gespeichert, wenn sie aktiv \u00fcbermittelt werden. Ihre aktiv \u00fcbermittelten Daten \u00fcber das Kontaktformular dienen alleine der Kontaktaufnahme und werden gel\u00f6scht, sobald sie f\u00fcr die Erreichung des Zweckes ihrer Erhebung nicht mehr erforderlich sind. Im Onlineformular weisen wir Sie nochmals auf den Zweck der Datenerhebung und auf diese Datenschutzerkl\u00e4rung hin. Diese Daten werden nicht an Dritte weitergegeben. Weitere Daten erheben wir nicht. Ich weise darauf hin, dass die Daten\u00fcbertragung im Internet (z.B. bei der Kommunikation per E-Mail) Sicherheitsl\u00fccken aufweisen kann. Ein l\u00fcckenloser Schutz der Daten vor dem Zugriff durch Dritte ist nicht m\u00f6glich.<\/p>\n<p>2. Welche Informationen werden noch erfasst?<\/p>\n<p>Beim Aufruf der Webseite wird Ihre IP-Adresse mit dem Zeitpunkt und Inhalt Ihres Abrufs einschlie\u00dflich der \u00fcbertragenen Datenmenge und der Meldung, ob der Abruf erfolgreich war, erfasst. Die vor\u00fcbergehende Speicherung der IP-Adresse erfolgt, um die Funktionsf\u00e4higkeit der Webseite sicherzustellen. Diese Daten werden nach Ende des Zugriffs auf die Webseite gel\u00f6scht, weil mit der Erreichung des Zweckes die Erhebung nicht mehr erforderlich ist.<\/p>\n<p>3. Auf welche Weise werden Daten erfasst?<\/p>\n<p>Die Daten, die bei jedem Zugriff der Seite erhoben werden, werden automatisch protokolliert; ansonsten nur aufgrund Ihrer Eingabe (Kontaktformular).<\/p>\n<p>4. Wof\u00fcr werden die Daten genutzt?<\/p>\n<p>Die Daten werden ausschlie\u00dflich zur Bereitstellung, Optimierung und Sicherheit des Internetangebots genutzt. Mit Ihrer Einwilligung werden Ihre Daten des Kontaktformulars nur zur Entgegennahme Ihrer Mitteilung oder zur Beantwortung Ihrer Anfrage genutzt.<\/p>\n<p>5. Wof\u00fcr werden die Daten nicht genutzt?<\/p>\n<p>Zur Profilbildung, zu Werbezwecken. Die Daten werden nicht an Dritte weitergegeben.<\/p>\n<p>6. Ihre Rechte<\/p>\n<p>Auskunft, L\u00f6schung, Berichtigung, Widerspruch. Ihre Rechte k\u00f6nnen Sie schriftlich oder per Email gegen\u00fcber der im Impressum genannten Stelle geltend machen. Ungeachtet dessen haben Sie das Recht auf Beschwerde bei einer Aufsichtsbeh\u00f6rde ihres Aufenthaltsorts, ihres Arbeitsplatzes oder des Orts der mutma\u00dflichen Datenschutzverletzung, wenn Sie der Ansicht sind, dass die Verarbeitung der Sie betreffenden personenbezogenen Daten gegen die Datenschutzverordnung verst\u00f6\u00dft.<\/p>\n<p>7. Hinweis auf Webanalyse<\/p>\n<p>Diese Webseite nutzt kein Webanalysetool.<\/p>\n<p>8. Verwendung von Cookies<\/p>\n<p>In bestimmten F\u00e4llen werden Cookies verwendet. Ruft ein Nutzer eine Webseite auf, kann ein Cookie auf dem Betriebssystem des Nutzers gespeichert werden, die beim erneuten Aufruf der Webseite eine eindeutige Identifizierung erm\u00f6glicht. Cookies enthalten allerdings keine personenbezogenen Daten und werden nach Ablauf der Sitzung automatisch gel\u00f6scht. Im Fall einer Verlinkung k\u00f6nnen Cookies von Drittanbietern zum Einsatz kommen, ohne dass wir Sie darauf ausdr\u00fccklich hinweisen k\u00f6nnen.<\/p>\n<p>Die g\u00e4ngigen Browser erlauben es, die Verarbeitung solcher Cookies festzulegen, so dass Sie das Speichern dieser Cookies in Ihrem Internetbrowser deaktivieren bzw. die Art der Verarbeitung durch Ihren Browser einstellen k\u00f6nnen. Bei der Deaktivierung ist nicht gew\u00e4hrleistet, dass Sie auf alle Funktionen dieser Webseite ohne Einschr\u00e4nkungen zugreifen k\u00f6nnen.<\/p>\n<p>9. Hinweis auf Verschl\u00fcsselung<\/p>\n<p>Dieses Angebot unterst\u00fctzt gegenw\u00e4rtig keine Datenverschl\u00fcsselung. Bei der \u00dcbertragung Ihrer Daten im Internet besteht daher die M\u00f6glichkeit, dass diese durch Unbefugte zur Kenntnis genommen oder ver\u00e4ndert werden k\u00f6nnen.<\/p>\n<p>_____________________________________________________________________________________________________________________________________________________<\/p>\n<p>&nbsp;<\/p>\n<p>Es folgen Informationen zum Datenschutz in meiner Praxis, entsprechend der Datenschutz-Grundverordnung der Europ\u00e4ischen Union vom 25.05.2018:<\/p>\n<p><strong>PATIENTENINFORMATION ZUM DATENSCHUTZ<\/strong><\/p>\n<p>Sehr geehrte Patientin, sehr geehrter Patient,<\/p>\n<p>In meiner psychotherapeutischen Praxis haben Schweigepflicht und Datenschutz eine extrem hohe Wichtigkeit. F\u00fcr Ihre Behandlung ben\u00f6tige ich einige pers\u00f6nliche Daten. Mit diesen sogenannten personenbezogenen Daten gehe ich besonders verantwortungsvoll um.<\/p>\n<p>Nach der EU-Datenschutz-Grundverordnung (DSGVO) bin ich verpflichtet, Sie dar\u00fcber zu informieren, zu welchem Zweck diese Praxis Daten erhebt, speichert oder weiterleitet. Der Information k\u00f6nnen Sie auch entnehmen, welche Rechte Sie in puncto Datenschutz haben.<\/p>\n<ol>\n<li><strong> VERANTWORTLICHKEIT F\u00dcR DIE DATENVERARBEITUNG<\/strong><\/li>\n<\/ol>\n<p>Verantwortlich f\u00fcr die Datenverarbeitung ist: Dipl.-Psych. Susanne Ledderhos<\/p>\n<p>Praxisname: Psychotherapiepraxis Ledderhos<\/p>\n<p>Adresse: Liebigstr. 12b, 85757 Karlsfeld<\/p>\n<p>Telefon: 08131 99 80 612<\/p>\n<ol start=\"2\">\n<li><strong> ZWECK DER DATENVERARBEITUNG<\/strong><\/li>\n<\/ol>\n<p>Zu Beginn und im Verlauf einer psychotherapeutischen Behandlung erhebe ich verschiedene Daten \u00fcber Ihre Person und Ihre Gesundheit. Dies ist notwendig, um eine dem Standard entsprechende psychotherapeutische Behandlung durchzuf\u00fchren und um den mit Ihnen geschlossenen Behandlungsvertrag ordnungsgem\u00e4\u00df zu erf\u00fcllen. Die Erhebung personenbezogener Daten dient nur dem Zweck der Verbesserung Ihres Gesundheitszustandes und geschieht in keinem Fall grundlos. Dabei werden selbstverst\u00e4ndlich nur diejenigen Daten erhoben, die f\u00fcr die psychotherapeutische Behandlung notwendig sind (Stichwort Datenminimierung). Datenschutzrechtliche Vorgaben sowie die Rechte und Pflichten, die sich aus dem Therapievertrag ergeben, werden beachtet.<\/p>\n<p>Zu den zu erhebenden Daten z\u00e4hlen Anamnesen, Diagnosen, Befunde, Therapievorschl\u00e4ge und Protokolle, die ich selbst erarbeite oder mir andere Psychotherapeuten\/\u00c4rzte zur Verf\u00fcgung stellen (Konsiliarbericht, Arztbriefe etc.).<\/p>\n<ol start=\"3\">\n<li><strong> EMPF\u00c4NGER IHRER DATEN<\/strong><\/li>\n<\/ol>\n<p>Psychotherapeuten unterliegen der Schweigepflicht. Ihre Gesundheitsdaten werden nur dann an Dritte \u00fcbermittelt, wenn Sie ausdr\u00fccklich eingewilligt haben und\/oder dies gesetzlich erlaubt ist.<\/p>\n<p>Empf\u00e4nger Ihrer personenbezogenen Daten k\u00f6nnen vor allem andere \u00c4rzte \/ Psychotherapeuten, Kassen\u00e4rztliche Vereinigungen, Krankenkassen oder der Medizinische Dienst der Krankenversicherung sein.<\/p>\n<p>Die \u00dcbermittlung erfolgt mit gesetzlicher Erlaubnis \u00fcberwiegend zum Zwecke der Abrechnung der bei Ihnen erbrachten Leistungen oder zur Kl\u00e4rung von medizinischen und sich aus Ihrem Versicherungsverh\u00e4ltnis ergebenden Fragen. Sollte eine Weitergabe Ihrer Daten an \u00c4rzte oder Psychotherapeuten oder privat\u00e4rztliche Verrechnungsstellen notwendig sein, ist f\u00fcr die Weitergabe Ihre Schweigepflichtentbindung n\u00f6tig.<\/p>\n<ol start=\"4\">\n<li><strong> SPEICHERUNG IHRER DATEN<\/strong><\/li>\n<\/ol>\n<p>Aufgrund rechtlicher Vorgaben bin ich dazu verpflichtet, Ihre personenbezogenen Daten und Behandlungsunterlagen mindestens 10 Jahre nach Abschluss der Behandlung aufzubewahren. Ihre Daten werden durch geeignete technische und organisatorische Systeme gesch\u00fctzt.<\/p>\n<ol start=\"5\">\n<li><strong> IHRE RECHTE <\/strong><\/li>\n<\/ol>\n<p>Sie haben das Recht, \u00fcber die Sie betreffenden personenbezogenen Daten Auskunft zu erhalten. Bemerken Sie Unstimmigkeiten, k\u00f6nnen Sie umgehend die Berichtigung oder L\u00f6schung fehlerhafter Daten verlangen. Ihre Schweigepflichtentbindung k\u00f6nnen Sie grunds\u00e4tzlich jederzeit widerrufen.<\/p>\n<p>Sie haben ferner das Recht, sich bei der zust\u00e4ndigen Aufsichtsbeh\u00f6rde f\u00fcr den Datenschutz zu beschweren, wenn Sie der Ansicht sind, dass die Verarbeitung Ihrer personenbezogenen Daten nicht rechtm\u00e4\u00dfig erfolgt.<\/p>\n<p>Die Anschrift der f\u00fcr uns zust\u00e4ndigen Aufsichtsbeh\u00f6rde lautet:<\/p>\n<p>Name: Das Bayerische Landesamt f\u00fcr Datenschutzaufsicht<\/p>\n<p>Anschrift: Promenade 27 (Schloss), 91522 Ansbach<\/p>\n<ol start=\"6\">\n<li><strong> RECHTLICHE GRUNDLAGEN<\/strong><\/li>\n<\/ol>\n<p>Rechtsgrundlage f\u00fcr die Verarbeitung Ihrer Daten ist Artikel 9 Absatz 2 lit. h) DSGVO in Verbindung mit Paragraf 22 Absatz 1 Nr. 1 lit. b) Bundesdatenschutzgesetz.<\/p>\n<p>Sollten Sie Fragen haben, k\u00f6nnen Sie sich gern an mich wenden.<\/p>\n","protected":false},"excerpt":{"rendered":"<p>Datenschutzhinweis zur Verwendung dieser Hompepage 1. Erhebung personenbezogener Daten auf dieser Homepage Die Nutzung dieser Webseite ist in der Regel ohne Angabe personenbezogener Daten m\u00f6glich. Soweit auf dieser Seite personenbezogene Daten (\u00fcber das Kontaktformular: Name, Anschrift, Telefonnummer, E-Mail-Adressen oder andere pers\u00f6nliche Angaben) erhoben und genutzt werden, erfolgt dies freiwillig und in \u00dcbereinstimmung mit dem geltenden [&hellip;]<\/p>\n","protected":false},"author":1,"featured_media":0,"parent":0,"menu_order":0,"comment_status":"closed","ping_status":"closed","template":"","meta":{"footnotes":""},"class_list":["post-240","page","type-page","status-publish","hentry"],"_links":{"self":[{"href":"http:\/\/psychotherapeut-karlsfeld.de\/index.php?rest_route=\/wp\/v2\/pages\/240","targetHints":{"allow":["GET"]}}],"collection":[{"href":"http:\/\/psychotherapeut-karlsfeld.de\/index.php?rest_route=\/wp\/v2\/pages"}],"about":[{"href":"http:\/\/psychotherapeut-karlsfeld.de\/index.php?rest_route=\/wp\/v2\/types\/page"}],"author":[{"embeddable":true,"href":"http:\/\/psychotherapeut-karlsfeld.de\/index.php?rest_route=\/wp\/v2\/users\/1"}],"replies":[{"embeddable":true,"href":"http:\/\/psychotherapeut-karlsfeld.de\/index.php?rest_route=%2Fwp%2Fv2%2Fcomments&post=240"}],"version-history":[{"count":3,"href":"http:\/\/psychotherapeut-karlsfeld.de\/index.php?rest_route=\/wp\/v2\/pages\/240\/revisions"}],"predecessor-version":[{"id":247,"href":"http:\/\/psychotherapeut-karlsfeld.de\/index.php?rest_route=\/wp\/v2\/pages\/240\/revisions\/247"}],"wp:attachment":[{"href":"http:\/\/psychotherapeut-karlsfeld.de\/index.php?rest_route=%2Fwp%2Fv2%2Fmedia&parent=240"}],"curies":[{"name":"wp","href":"https:\/\/api.w.org\/{rel}","templated":true}]}}